{"id":1562,"date":"2017-04-14T15:41:25","date_gmt":"2017-04-14T15:41:25","guid":{"rendered":"https:\/\/heartbasel.com\/about\/"},"modified":"2023-06-16T10:15:31","modified_gmt":"2023-06-16T10:15:31","slug":"about","status":"publish","type":"page","link":"https:\/\/heartbasel.com\/de\/about\/","title":{"rendered":"About"},"content":{"rendered":"<p><div class=\"fusion-fullwidth fullwidth-box fusion-builder-row-1 nonhundred-percent-fullwidth non-hundred-percent-height-scrolling\" style=\"--awb-border-radius-top-left:0px;--awb-border-radius-top-right:0px;--awb-border-radius-bottom-right:0px;--awb-border-radius-bottom-left:0px;--awb-flex-wrap:wrap;\" ><div class=\"fusion-builder-row fusion-row\"><div class=\"fusion-layout-column fusion_builder_column fusion-builder-column-0 fusion_builder_column_1_6 1_6 fusion-one-sixth fusion-column-first\" style=\"--awb-bg-size:cover;width:16.666666666667%;width:calc(16.666666666667% - ( ( 4% + 4% ) * 0.16666666666667 ) );margin-right: 4%;\"><div class=\"fusion-column-wrapper fusion-flex-column-wrapper-legacy\"><div class=\"fusion-clearfix\"><\/div><\/div><\/div><div class=\"fusion-layout-column fusion_builder_column fusion-builder-column-1 fusion_builder_column_2_3 2_3 fusion-two-third\" style=\"--awb-bg-size:cover;width:66.666666666667%;width:calc(66.666666666667% - ( ( 4% + 4% ) * 0.66666666666667 ) );margin-right: 4%;\"><div class=\"fusion-column-wrapper fusion-flex-column-wrapper-legacy\"><div class=\"fusion-text fusion-text-1\"><p>HeartBasel\u201917 ist das erste grosse Festival des Vereins <a href=\"http:\/\/beyond-x.ch\" target=\"_blank\" rel=\"noopener noreferrer\">Beyond X<\/a>. Unter dem Motto EXPERIMENT\/EXPERIENCE\/EXPRESS f\u00f6rdert Beyond X kreative Prozesse zur Verflechtung von Wissenschaft, Technologie und Kunst.<\/p>\n<p>Daf\u00fcr bietet der Verein K\u00fcnstlerinnen und K\u00fcnstlern aus unterschiedlichen Genres die M\u00f6glichkeit, die Grenzen des eigenen Faches experimentell zu durchbrechen und unbekannte sowie \u00fcberraschende Zug\u00e4nge zu schaffen. Im Mittelpunkt der ersten Festivalausgabe steht das Herz.<\/p>\n<p>Die Britische K\u00fcnstlerin und Wissenschaftlerin <a href=\"http:\/\/www.permijhooti.com\" target=\"_blank\" rel=\"noopener noreferrer\">Dr. Permi Jhooti<\/a> zeichnet f\u00fcr die Erarbeitung und Initiierung des Festivals verantwortlich.<\/p>\n<\/div><div class=\"fusion-clearfix\"><\/div><\/div><\/div><div class=\"fusion-layout-column fusion_builder_column fusion-builder-column-2 fusion_builder_column_1_6 1_6 fusion-one-sixth fusion-column-last\" style=\"--awb-bg-size:cover;width:16.666666666667%;width:calc(16.666666666667% - ( ( 4% + 4% ) * 0.16666666666667 ) );\"><div class=\"fusion-column-wrapper fusion-flex-column-wrapper-legacy\"><div class=\"fusion-clearfix\"><\/div><\/div><\/div><\/div><\/div><div class=\"fusion-fullwidth fullwidth-box fusion-builder-row-2 nonhundred-percent-fullwidth non-hundred-percent-height-scrolling\" style=\"--awb-border-radius-top-left:0px;--awb-border-radius-top-right:0px;--awb-border-radius-bottom-right:0px;--awb-border-radius-bottom-left:0px;--awb-flex-wrap:wrap;\" ><div class=\"fusion-builder-row fusion-row\"><div class=\"fusion-layout-column fusion_builder_column fusion-builder-column-3 fusion_builder_column_1_6 1_6 fusion-one-sixth fusion-column-first\" style=\"--awb-bg-size:cover;width:16.666666666667%;width:calc(16.666666666667% - ( ( 4% + 4% ) * 0.16666666666667 ) );margin-right: 4%;\"><div class=\"fusion-column-wrapper fusion-flex-column-wrapper-legacy\"><div class=\"fusion-clearfix\"><\/div><\/div><\/div><div class=\"fusion-layout-column fusion_builder_column fusion-builder-column-4 fusion_builder_column_2_3 2_3 fusion-two-third\" style=\"--awb-bg-size:cover;width:66.666666666667%;width:calc(66.666666666667% - ( ( 4% + 4% ) * 0.66666666666667 ) );margin-right: 4%;\"><div class=\"fusion-column-wrapper fusion-flex-column-wrapper-legacy\"><div class=\"fusion-text fusion-text-2\"><h1>SPONSOREN<\/h1>\n<h2 class=\"p1\"><span class=\"s1\"><b>HAUPTSPONSOR<\/b><\/span><\/h2>\n<p class=\"p1\"><span class=\"s1\">Das Festival\u00a0<b>HeartBasel\u201917<\/b>\u00a0w\u00e4re ohne das grossz\u00fcgige finanzielle Engagement der\u00a0<a href=\"http:\/\/www.grstiftung.ch\/\"><span class=\"s2\">Gebert R\u00fcf Stiftung<\/span><\/a>\u00a0nicht m\u00f6glich. Daf\u00fcr danken der Vorstand von Beyond X und das HeartBasel-Team der Stiftung ganz herzlich.\u00a0<\/span><\/p>\n<p class=\"p1\"><a href=\"http:\/\/www.grstiftung.ch\/\" target=\"_blank\" rel=\"noopener noreferrer\"><img decoding=\"async\" class=\"alignnone size-full wp-image-1934\" src=\"https:\/\/heartbasel.com\/wp-content\/uploads\/2017\/04\/GR_Logo_white.png\" alt=\"\" width=\"945\" height=\"177\" srcset=\"https:\/\/heartbasel.com\/wp-content\/uploads\/2017\/04\/GR_Logo_white-200x37.png 200w, https:\/\/heartbasel.com\/wp-content\/uploads\/2017\/04\/GR_Logo_white-300x56.png 300w, https:\/\/heartbasel.com\/wp-content\/uploads\/2017\/04\/GR_Logo_white-400x75.png 400w, https:\/\/heartbasel.com\/wp-content\/uploads\/2017\/04\/GR_Logo_white-600x112.png 600w, https:\/\/heartbasel.com\/wp-content\/uploads\/2017\/04\/GR_Logo_white-768x144.png 768w, https:\/\/heartbasel.com\/wp-content\/uploads\/2017\/04\/GR_Logo_white-800x150.png 800w, https:\/\/heartbasel.com\/wp-content\/uploads\/2017\/04\/GR_Logo_white-940x177.png 940w, https:\/\/heartbasel.com\/wp-content\/uploads\/2017\/04\/GR_Logo_white.png 945w\" sizes=\"(max-width: 945px) 100vw, 945px\" \/><\/a><\/p>\n<h2 class=\"p1\"><span class=\"s1\"><b>G\u00d6NNER<\/b><\/span><\/h2>\n<p class=\"p1\"><span class=\"s1\">Unser Dank gilt auch den folgenden G\u00f6nnerinnen:<\/span><\/p>\n<p class=\"p1\"><a href=\"http:\/\/www.swisslosfonds.bs.ch\/\" target=\"_blank\" rel=\"noopener noreferrer\"><span class=\"s1\">SwissLos Fonds, Basel Stadt<\/span><\/a><\/p>\n<p class=\"p1\"><a href=\"https:\/\/www.bkb.ch\" target=\"_blank\" rel=\"noopener noreferrer\"><span class=\"s1\">Basler Kantonalbank<\/span><\/a><\/p>\n<p class=\"p1\"><a href=\"https:\/\/www.buergergemeindebasel.ch\" target=\"_blank\" rel=\"noopener noreferrer\"><span class=\"s1\">B\u00fcrgergemeinde der Stadt Basel<\/span><\/a><\/p>\n<\/div><div class=\"fusion-clearfix\"><\/div><\/div><\/div><div class=\"fusion-layout-column fusion_builder_column fusion-builder-column-5 fusion_builder_column_1_6 1_6 fusion-one-sixth fusion-column-last\" style=\"--awb-bg-size:cover;width:16.666666666667%;width:calc(16.666666666667% - ( ( 4% + 4% ) * 0.16666666666667 ) );\"><div class=\"fusion-column-wrapper fusion-flex-column-wrapper-legacy\"><div class=\"fusion-clearfix\"><\/div><\/div><\/div><\/div><\/div><div class=\"fusion-fullwidth fullwidth-box fusion-builder-row-3 nonhundred-percent-fullwidth non-hundred-percent-height-scrolling\" style=\"--awb-border-radius-top-left:0px;--awb-border-radius-top-right:0px;--awb-border-radius-bottom-right:0px;--awb-border-radius-bottom-left:0px;--awb-flex-wrap:wrap;\" ><div class=\"fusion-builder-row fusion-row\"><div class=\"fusion-layout-column fusion_builder_column fusion-builder-column-6 fusion_builder_column_1_6 1_6 fusion-one-sixth fusion-column-first\" style=\"--awb-bg-size:cover;width:16.666666666667%;width:calc(16.666666666667% - ( ( 4% + 4% ) * 0.16666666666667 ) );margin-right: 4%;\"><div class=\"fusion-column-wrapper fusion-flex-column-wrapper-legacy\"><div class=\"fusion-clearfix\"><\/div><\/div><\/div><div class=\"fusion-layout-column fusion_builder_column fusion-builder-column-7 fusion_builder_column_2_3 2_3 fusion-two-third\" style=\"--awb-bg-size:cover;width:66.666666666667%;width:calc(66.666666666667% - ( ( 4% + 4% ) * 0.66666666666667 ) );margin-right: 4%;\"><div class=\"fusion-column-wrapper fusion-flex-column-wrapper-legacy\"><div class=\"fusion-text fusion-text-3\"><h1 data-fontsize=\"55\" data-lineheight=\"96\">DAS\u00a0TEAM<\/h1>\n<p><strong>Dr Permi Jhooti \u2013 <\/strong>Technical Director &amp; Project Lead<strong><br \/>\nJorge Garcia Perez \u2013 <\/strong>Artistic Director<\/p>\n<p><strong>G\u00fcveng\u00fcl K\u00f6z Brown \u2013 <\/strong>Head of\u00a0Communications<strong><br \/>\nSuzanne Rouden\u00a0<\/strong>\u2013 Communications Consultant<strong><br \/>\nRolf Probala \u2013 <\/strong>Consultant<strong><br \/>\n<\/strong><strong>Dirk Koy<\/strong> \u2013 Animations |\u00a0Design Consultant<br \/>\n<strong>Eva Luzia Recher<\/strong> \u2013 Branding | Logos | Design<br \/>\n<strong><br \/>\nDanielle B\u00fcrgin<\/strong> \u2013 Social Media<br \/>\n<strong>Gioia Egloff<\/strong> \u2013 Social Media<br \/>\n<strong>Jannik Roth<\/strong>\u00a0\u2013 Social Media<\/p>\n<p><strong>Philip Kannicht<\/strong> \u2013 Sound Engineer<br \/>\n<strong>Fabio Mansini<\/strong> \u2013 Sensor Design<br \/>\n<strong>Christian Degen<\/strong> \u2013 Stage<br \/>\n<strong>Lukas Wiedmer<\/strong>\u00a0\u2013 Lights<br \/>\n<strong>Mike Stengle\u00a0<\/strong>\u2013\u00a0Electronics Consultant<br \/>\n<strong>Max Zachrisson<\/strong>\u00a0\u2013 Video<br \/>\n<strong>Dominik Asche<\/strong> &#8211; Video \/ Photography<\/p>\n<p><strong>Tanja Haas<\/strong> \u2013 MRI Lead<\/p>\n<p><strong>Stephanie Nemeth Parker\u00a0<\/strong>\u2013 Support Team<br \/>\n<strong>James Bailey<\/strong> \u2013 Support Team<\/p>\n<\/div><div class=\"fusion-clearfix\"><\/div><\/div><\/div><div class=\"fusion-layout-column fusion_builder_column fusion-builder-column-8 fusion_builder_column_1_6 1_6 fusion-one-sixth fusion-column-last\" style=\"--awb-bg-size:cover;width:16.666666666667%;width:calc(16.666666666667% - ( ( 4% + 4% ) * 0.16666666666667 ) );\"><div class=\"fusion-column-wrapper fusion-flex-column-wrapper-legacy\"><div class=\"fusion-clearfix\"><\/div><\/div><\/div><\/div><\/div><\/p>\n","protected":false},"excerpt":{"rendered":"","protected":false},"author":1,"featured_media":0,"parent":0,"menu_order":0,"comment_status":"closed","ping_status":"closed","template":"","meta":{"footnotes":""},"class_list":["post-1562","page","type-page","status-publish","hentry"],"_links":{"self":[{"href":"https:\/\/heartbasel.com\/de\/wp-json\/wp\/v2\/pages\/1562","targetHints":{"allow":["GET"]}}],"collection":[{"href":"https:\/\/heartbasel.com\/de\/wp-json\/wp\/v2\/pages"}],"about":[{"href":"https:\/\/heartbasel.com\/de\/wp-json\/wp\/v2\/types\/page"}],"author":[{"embeddable":true,"href":"https:\/\/heartbasel.com\/de\/wp-json\/wp\/v2\/users\/1"}],"replies":[{"embeddable":true,"href":"https:\/\/heartbasel.com\/de\/wp-json\/wp\/v2\/comments?post=1562"}],"version-history":[{"count":0,"href":"https:\/\/heartbasel.com\/de\/wp-json\/wp\/v2\/pages\/1562\/revisions"}],"wp:attachment":[{"href":"https:\/\/heartbasel.com\/de\/wp-json\/wp\/v2\/media?parent=1562"}],"curies":[{"name":"wp","href":"https:\/\/api.w.org\/{rel}","templated":true}]}}