{"id":1813,"date":"2017-05-08T15:44:06","date_gmt":"2017-05-08T15:44:06","guid":{"rendered":"https:\/\/heartbasel.com\/homepage\/"},"modified":"2017-10-06T09:02:40","modified_gmt":"2017-10-06T09:02:40","slug":"home","status":"publish","type":"page","link":"https:\/\/heartbasel.com\/de\/","title":{"rendered":"HeartBasel"},"content":{"rendered":"<div class=\"fusion-fullwidth fullwidth-box fusion-builder-row-1 nonhundred-percent-fullwidth non-hundred-percent-height-scrolling\" style=\"--awb-border-radius-top-left:0px;--awb-border-radius-top-right:0px;--awb-border-radius-bottom-right:0px;--awb-border-radius-bottom-left:0px;--awb-flex-wrap:wrap;\" ><div class=\"fusion-builder-row fusion-row\"><div class=\"fusion-layout-column fusion_builder_column fusion-builder-column-0 fusion_builder_column_1_6 1_6 fusion-one-sixth fusion-column-first\" style=\"--awb-bg-size:cover;width:16.666666666667%;width:calc(16.666666666667% - ( ( 4% + 4% ) * 0.16666666666667 ) );margin-right: 4%;\"><div class=\"fusion-column-wrapper fusion-flex-column-wrapper-legacy\"><div class=\"fusion-clearfix\"><\/div><\/div><\/div><div class=\"fusion-layout-column fusion_builder_column fusion-builder-column-1 fusion_builder_column_2_3 2_3 fusion-two-third\" style=\"--awb-bg-size:cover;width:66.666666666667%;width:calc(66.666666666667% - ( ( 4% + 4% ) * 0.66666666666667 ) );margin-right: 4%;\"><div class=\"fusion-column-wrapper fusion-flex-column-wrapper-legacy\"><div class=\"fusion-text fusion-text-1\"><h1 style=\"text-align: center;\">HEARTBASEL&#8217;17<\/h1>\n<h2 style=\"text-align: center;\"><em>EXPERIMENT | EXPERIENCE | EXPRESS<\/em><\/h2>\n<h3 style=\"text-align: center;\">28. August bis 3. September 2017<\/h3>\n<p>W\u00e4hrend Sie diesen Text lesen, schl\u00e4gt Ihr Herz &#8211; 50 bis 90 Mal pro Minute &#8211; jetzt und w\u00e4hrend Ihres ganzen Lebens. Doch Ihr Herz ist mehr als eine perfekte biologische Hochleistungspumpe. Es reagiert auch auf Ihre Gef\u00fchle; auf Freude, Begeisterung, Liebe, Wut, Trauer und Stress. Ihr Herz schl\u00e4gt den Takt Ihres Lebens.<\/p>\n<p>HeartBasel l\u00e4sst Sie das Herz auf aussergew\u00f6hnliche Weise erleben. K\u00fcnstlerinnen und K\u00fcnstler aus unterschiedlichen Genres haben eigens f\u00fcr das Festival Arbeiten produziert, bei denen sie sich von den Herzschl\u00e4gen von Baslerinnen und Baslern leiten liessen. Auch Sie k\u00f6nnen mit Ihrem Herzschlag mitwirken. HeartBasel l\u00e4dt Sie ein zu einer interaktiven Reise zu den Rhythmen der Herzen Basels.<\/p>\n<p>Mit dabei sind: Elia Rediger, Janiv Oron, Permi Jhooti, Nik von Frankenberg, Dirk Koy and Fabio Masini, die Tanzkompanie Carta Blanca Dance sowie das DJ-Kollektiv Alma Negra.<\/p>\n<p>&nbsp;<br \/>\n<iframe src=\"https:\/\/player.vimeo.com\/video\/237046657\" width=\"100%\" height=\"480\" frameborder=\"0\" allowfullscreen=\"allowfullscreen\"><\/iframe><\/p>\n<\/div><div class=\"fusion-clearfix\"><\/div><\/div><\/div><div class=\"fusion-layout-column fusion_builder_column fusion-builder-column-2 fusion_builder_column_1_6 1_6 fusion-one-sixth fusion-column-last\" style=\"--awb-bg-size:cover;width:16.666666666667%;width:calc(16.666666666667% - ( ( 4% + 4% ) * 0.16666666666667 ) );\"><div class=\"fusion-column-wrapper fusion-flex-column-wrapper-legacy\"><div class=\"fusion-clearfix\"><\/div><\/div><\/div><\/div><\/div>\n","protected":false},"excerpt":{"rendered":"","protected":false},"author":1,"featured_media":0,"parent":0,"menu_order":0,"comment_status":"closed","ping_status":"closed","template":"100-width.php","meta":{"footnotes":""},"class_list":["post-1813","page","type-page","status-publish","hentry"],"_links":{"self":[{"href":"https:\/\/heartbasel.com\/de\/wp-json\/wp\/v2\/pages\/1813","targetHints":{"allow":["GET"]}}],"collection":[{"href":"https:\/\/heartbasel.com\/de\/wp-json\/wp\/v2\/pages"}],"about":[{"href":"https:\/\/heartbasel.com\/de\/wp-json\/wp\/v2\/types\/page"}],"author":[{"embeddable":true,"href":"https:\/\/heartbasel.com\/de\/wp-json\/wp\/v2\/users\/1"}],"replies":[{"embeddable":true,"href":"https:\/\/heartbasel.com\/de\/wp-json\/wp\/v2\/comments?post=1813"}],"version-history":[{"count":0,"href":"https:\/\/heartbasel.com\/de\/wp-json\/wp\/v2\/pages\/1813\/revisions"}],"wp:attachment":[{"href":"https:\/\/heartbasel.com\/de\/wp-json\/wp\/v2\/media?parent=1813"}],"curies":[{"name":"wp","href":"https:\/\/api.w.org\/{rel}","templated":true}]}}