{"id":2612,"date":"2017-06-07T14:33:00","date_gmt":"2017-06-07T14:33:00","guid":{"rendered":"https:\/\/heartbasel.com\/?page_id=2612\/"},"modified":"2017-06-07T20:16:30","modified_gmt":"2017-06-07T20:16:30","slug":"schulklassen","status":"publish","type":"page","link":"https:\/\/heartbasel.com\/de\/schulklassen\/","title":{"rendered":"schulklassen"},"content":{"rendered":"<div class=\"fusion-fullwidth fullwidth-box fusion-builder-row-1 nonhundred-percent-fullwidth non-hundred-percent-height-scrolling\" style=\"--awb-border-radius-top-left:0px;--awb-border-radius-top-right:0px;--awb-border-radius-bottom-right:0px;--awb-border-radius-bottom-left:0px;--awb-padding-top:130px;--awb-flex-wrap:wrap;\" ><div class=\"fusion-builder-row fusion-row\"><div class=\"fusion-layout-column fusion_builder_column fusion-builder-column-0 fusion_builder_column_1_6 1_6 fusion-one-sixth fusion-column-first\" style=\"--awb-bg-size:cover;width:16.666666666667%;width:calc(16.666666666667% - ( ( 4% + 4% ) * 0.16666666666667 ) );margin-right: 4%;\"><div class=\"fusion-column-wrapper fusion-flex-column-wrapper-legacy\"><div class=\"fusion-clearfix\"><\/div><\/div><\/div><div class=\"fusion-layout-column fusion_builder_column fusion-builder-column-1 fusion_builder_column_2_3 2_3 fusion-two-third\" style=\"--awb-bg-size:cover;width:66.666666666667%;width:calc(66.666666666667% - ( ( 4% + 4% ) * 0.66666666666667 ) );margin-right: 4%;\"><div class=\"fusion-column-wrapper fusion-flex-column-wrapper-legacy\"><div class=\"fusion-text fusion-text-1\"><h2><strong>Workshops f\u00fcr Schulklassen<\/strong><\/h2>\n<p>Vom 28. August bis zum 3. September 2017 findet im <a href=\"http:\/\/www.sommercasino.ch\" target=\"_blank\" rel=\"noopener noreferrer\">Sommercasino<\/a> HeartBasel\u201917 statt. Das von der Britischen Wissenschaftlerin und K\u00fcnstlerin Permi Jhooti kuratierte Festival verbindet die Welt der Wissenschaft und Technik mit dem in Basel vorhandenen Potenzial an kreativem, innovativem Kunst- und Kulturschaffen. Ausgangspunkt f\u00fcr ihre Arbeiten in den Bereichen audiovisuelle Produktionen, Tanz, Musik, Performances sowie Theater bildet das menschliche Herz. Das heisst: Die K\u00fcnstlerinnen und K\u00fcnstler lassen sich stets vom Puls der lokalen Bev\u00f6lkerung inspirieren und diesen in ihre k\u00fcnstlerischen Werke einfliessen. Da das Festival unter anderem\u00a0das Ziel verfolgt, auch junge Menschen zu erreichen, erhalten Schulklassen im Rahmen von zwei Workshops die M\u00f6glichkeit, einen Blick hinter die Kulissen der Produktionen zu werfen und am Programm beteiligte K\u00fcnstlerinnen und K\u00fcnstler kennenzulernen. Gleichzeitig werden sie vor Ort zur wichtigsten Inspirationsquelle f\u00fcr die Kunstschaffenden \u2013 indem sie mit ihren eigenen Herzschl\u00e4gen Einfluss auf die Kompositionen nehmen.<\/p>\n<h3><strong>Dienstag, 29. August 2017, 14.00 \u2013 15.30 Uhr<br \/>\n<\/strong>HERZFREQUENZ \u2014\u00a0Alma Negra | Live Musik<\/h3>\n<p>Das DJ- und\u00a0Produzentenkollektiv Alma Negra l\u00e4sst Musik, Technologie und Wissenschaft zu einem Gesamterlebnis verschmelzen. Basis dieser Komposition bilden die Herzschl\u00e4ge der Sch\u00fclerinnen und Sch\u00fcler, die live aufgezeichnet und verarbeitet werden. Durch das Ineinanderfliessen unterschiedlicher Rhythmen entsteht eine einzigartige Interaktion zwischen Mensch, Maschine und Musik.<\/p>\n<h3><strong>Donnerstag, 31. August 2017, 14.00 \u2013 15.30 Uhr<br \/>\n<\/strong>STUDIES FOR ONE&#8230; \u2014\u00a0Janiv Oron | Musik\/Performance<\/h3>\n<p>Der renommierte DJ, Komponist und Multimediak\u00fcnstler Janiv Oron koppelt w\u00e4hrend seiner Performance den Puls von drei T\u00e4nzerinnen und T\u00e4nzern an einen selbstspielenden Konzertfl\u00fcgel (Disklavier). Dieser ist mit elektromechanischen Magneten und optischen Sensoren versehen und verwandelt die Herzschl\u00e4ge zeitgleich in eine Komposition, die von den Tastenanschl\u00e4gen selbstst\u00e4ndig gespielt wird. Je schneller die Tanzbewegungen, desto temporeicher das St\u00fcck \u2013 bis es eine Geschwindigkeit erreicht, die ein Mensch nicht mehr spielen k\u00f6nnte. Auch die Sch\u00fclerinne und Sch\u00fcler erhalten nach der Performance die M\u00f6glichkeit, sich an das Disklavier anzuschliessen.<\/p>\n<h3><strong>Anmeldung<\/strong><\/h3>\n<p>Wir laden Lehrpersonen herzlich ein, mit Ihren Klassen an einem dieser Workshops teilzunehmen. Da die Teilnehmerzahl\u00a0begrenzt\u00a0ist, bitten wir um eine rechtzeitige Anmeldung: <a href=\"mailto:info@heartbasel.com\">info@heartbasel.com<\/a>. Wir ben\u00f6tigen\u00a0daf\u00fcr folgende Angaben: Name der Schule, Name der Lehrperson und Anzahl Sch\u00fclerinnen und Sch\u00fcler.<\/p>\n<p>Wir freuen uns auf Ihre Teilnahme.<\/p>\n<\/div><div class=\"fusion-clearfix\"><\/div><\/div><\/div><div class=\"fusion-layout-column fusion_builder_column fusion-builder-column-2 fusion_builder_column_1_6 1_6 fusion-one-sixth fusion-column-last\" style=\"--awb-bg-size:cover;width:16.666666666667%;width:calc(16.666666666667% - ( ( 4% + 4% ) * 0.16666666666667 ) );\"><div class=\"fusion-column-wrapper fusion-flex-column-wrapper-legacy\"><div class=\"fusion-clearfix\"><\/div><\/div><\/div><\/div><\/div>\n","protected":false},"excerpt":{"rendered":"","protected":false},"author":1,"featured_media":0,"parent":0,"menu_order":0,"comment_status":"closed","ping_status":"closed","template":"","meta":{"footnotes":""},"class_list":["post-2612","page","type-page","status-publish","hentry"],"_links":{"self":[{"href":"https:\/\/heartbasel.com\/de\/wp-json\/wp\/v2\/pages\/2612","targetHints":{"allow":["GET"]}}],"collection":[{"href":"https:\/\/heartbasel.com\/de\/wp-json\/wp\/v2\/pages"}],"about":[{"href":"https:\/\/heartbasel.com\/de\/wp-json\/wp\/v2\/types\/page"}],"author":[{"embeddable":true,"href":"https:\/\/heartbasel.com\/de\/wp-json\/wp\/v2\/users\/1"}],"replies":[{"embeddable":true,"href":"https:\/\/heartbasel.com\/de\/wp-json\/wp\/v2\/comments?post=2612"}],"version-history":[{"count":0,"href":"https:\/\/heartbasel.com\/de\/wp-json\/wp\/v2\/pages\/2612\/revisions"}],"wp:attachment":[{"href":"https:\/\/heartbasel.com\/de\/wp-json\/wp\/v2\/media?parent=2612"}],"curies":[{"name":"wp","href":"https:\/\/api.w.org\/{rel}","templated":true}]}}